{"id":15,"date":"2021-08-24T20:34:21","date_gmt":"2021-08-24T20:34:21","guid":{"rendered":"http:\/\/scedigital.com.ar\/sitio\/?page_id=15"},"modified":"2025-01-25T13:18:55","modified_gmt":"2025-01-25T13:18:55","slug":"contacto","status":"publish","type":"page","link":"https:\/\/scedigital.com.ar\/index.php\/contacto\/","title":{"rendered":"Contacto"},"content":{"rendered":"\n<section>\n<div class=\"container\">\n<div class=\"col-md-12\">\n<h2 class=\"titsection text-center\">D\u00e9janos tu mensaje<\/h2>\n<\/div>\n\n<div class=\"wpcf7 no-js\" id=\"wpcf7-f18-o1\" lang=\"es-ES\" dir=\"ltr\">\n<div class=\"screen-reader-response\"><p role=\"status\" aria-live=\"polite\" aria-atomic=\"true\"><\/p> <ul><\/ul><\/div>\n<form action=\"\/index.php\/wp-json\/wp\/v2\/pages\/15#wpcf7-f18-o1\" method=\"post\" class=\"wpcf7-form init\" aria-label=\"Formulario de contacto\" novalidate=\"novalidate\" data-status=\"init\">\n<div style=\"display: none;\">\n<input type=\"hidden\" name=\"_wpcf7\" value=\"18\" \/>\n<input type=\"hidden\" name=\"_wpcf7_version\" value=\"5.9.3\" \/>\n<input type=\"hidden\" name=\"_wpcf7_locale\" value=\"es_ES\" \/>\n<input type=\"hidden\" name=\"_wpcf7_unit_tag\" value=\"wpcf7-f18-o1\" \/>\n<input type=\"hidden\" name=\"_wpcf7_container_post\" value=\"0\" \/>\n<input type=\"hidden\" name=\"_wpcf7_posted_data_hash\" value=\"\" \/>\n<\/div>\n<div class=\"row\">\n\t<div class=\"col-md-4\">\n\t\t<p><span class=\"wpcf7-form-control-wrap\" data-name=\"your-name\"><input size=\"40\" class=\"wpcf7-form-control wpcf7-text wpcf7-validates-as-required cf7\" aria-required=\"true\" aria-invalid=\"false\" placeholder=\"Nombre y Apellido\" value=\"\" type=\"text\" name=\"your-name\" \/><\/span>\n\t\t<\/p>\n\t<\/div>\n\t<div class=\"col-md-4\">\n\t\t<p><span class=\"wpcf7-form-control-wrap\" data-name=\"your-email\"><input size=\"40\" class=\"wpcf7-form-control wpcf7-email wpcf7-validates-as-required wpcf7-text wpcf7-validates-as-email cf7\" aria-required=\"true\" aria-invalid=\"false\" placeholder=\"E-mail\" value=\"\" type=\"email\" name=\"your-email\" \/><\/span>\n\t\t<\/p>\n\t<\/div>\n\t<div class=\"col-md-4\">\n\t\t<p><span class=\"wpcf7-form-control-wrap\" data-name=\"your-tel\"><input size=\"40\" class=\"wpcf7-form-control wpcf7-text wpcf7-validates-as-required cf7\" aria-required=\"true\" aria-invalid=\"false\" placeholder=\"Tel\u00e9fono\" value=\"\" type=\"text\" name=\"your-tel\" \/><\/span>\n\t\t<\/p>\n\t<\/div>\n<\/div>\n<div class=\"row\">\n\t<div class=\"col-md-12\">\n\t\t<p><span class=\"wpcf7-form-control-wrap\" data-name=\"your-subject\"><input size=\"40\" class=\"wpcf7-form-control wpcf7-text wpcf7-validates-as-required cf7\" aria-required=\"true\" aria-invalid=\"false\" placeholder=\"Asunto\" value=\"\" type=\"text\" name=\"your-subject\" \/><\/span>\n\t\t<\/p>\n\t<\/div>\n\t<div class=\"col-md-12\">\n\t\t<p><span class=\"wpcf7-form-control-wrap\" data-name=\"your-message\"><textarea cols=\"40\" rows=\"4\" class=\"wpcf7-form-control wpcf7-textarea wpcf7-validates-as-required cf7\" aria-required=\"true\" aria-invalid=\"false\" placeholder=\"Mensaje...\" name=\"your-message\"><\/textarea><\/span>\n\t\t<\/p>\n\t<\/div>\n\t<div class=\"col-md-12\">\n\t\t<p><input class=\"wpcf7-form-control wpcf7-submit has-spinner\" type=\"submit\" value=\"Enviar\" \/>\n\t\t<\/p>\n\t<\/div>\n<\/div><div class=\"wpcf7-response-output\" aria-hidden=\"true\"><\/div>\n<\/form>\n<\/div>\n\n<\/div>\n<\/section>\n\n\n\n<div style=\"height:64px\" aria-hidden=\"true\" class=\"wp-block-spacer\"><\/div>\n\n\n\n<div class=\"wrappermapa\">\n    <div class=\"map\"><iframe src=\"https:\/\/www.google.com\/maps\/embed?pb=!1m14!1m8!1m3!1d13572.519645845154!2d-60.5232817!3d-31.7396548!3m2!1i1024!2i768!4f13.1!3m3!1m2!1s0x0%3A0x368dd478cbf018a5!2sS.C.E.%20-%20Sociedad%20Comercial%20Electrica!5e0!3m2!1ses-419!2sar!4v1630415897619!5m2!1ses-419!2sar\" width=\"1920\" height=\"400\" style=\"border:0;\" allowfullscreen=\"\" loading=\"lazy\"><\/iframe><\/div><!-- end Map -->\n    <div class=\"box-info\">\n\t<div class=\"col-md-12 comunicate\">\n\t<p class=\"titcontactoh\">Comunicate con nosotros<\/p>\n\t<p class=\"txtconth\">Gualeguaych\u00fa 657 Paran\u00e1 &#8211; Entre R\u00edos<\/p>\n    <p class=\"txtconth tel\">(343) 4226900<\/p>\n    <p class=\"txtconth tel\">+54 9 343 4062923<\/p>\n\t<p class=\"txtconth\">ventas@scedigital.com.ar<\/p>\n\t<p class=\"txtconth tithorario\">Horario de Atenci\u00f3n<\/p>\n<p class=\"txtconth\">Lunes a Viernes: 8 a 12:00hs y 16 a 20hs \n             S\u00e1bados: 08:00 a 12:30hs <\/p>\n<div class=\"row filaredescont\">\n<div class=\"col-6 col-md-3\"><a href=\"https:\/\/www.facebook.com\/SociedadComercialElectricaSCE\" target=\"_blank\" rel=\"noopener\"><img decoding=\"async\" src=\"http:\/\/scedigital.com.ar\/sitio\/wp-content\/uploads\/2021\/08\/facebook.png\" class=\"img-fluid mx-auto d-block redesf\"><\/a><\/div>\t\n<div class=\"col-6 col-md-3\"><a href=\"https:\/\/www.instagram.com\/scedigital\/\" target=\"_blank\" rel=\"noopener\"><img decoding=\"async\" src=\"http:\/\/scedigital.com.ar\/sitio\/wp-content\/uploads\/2021\/08\/instagram.png\" class=\"img-fluid mx-auto d-block redesf\"><\/a><\/div>\t\n<div class=\"col-md-2\"><\/div>\t\n<\/div>\t\n\t<\/div>\n\t<\/div>\n<\/div>\n\n\n\n<div style=\"height:64px\" aria-hidden=\"true\" class=\"wp-block-spacer\"><\/div>\n\n\n\n<section class=\"seguinois\">\n<div class=\"container\">\n<div class=\"col-md-12\">\n<h2 class=\"titsection text-center\">Seguinos<\/h2>\n<\/div>\n<\/div>\n\t\t<div id=\"sbi_mod_error\" >\n\t\t\t<span>Este mensaje de error solo es visible para los administradores de WordPress<\/span><br \/>\n\t\t\t<p><strong>Error: No se ha encontrado ning\u00fan feed.<\/strong>\n\t\t\t<p>Por favor, ve a la p\u00e1gina de ajustes de Instagram Feed para crear un feed.<\/p>\n\t\t<\/div>\n\t\t\n<\/section>\n","protected":false},"excerpt":{"rendered":"<p>D\u00e9janos tu mensaje Comunicate con nosotros Gualeguaych\u00fa 657 Paran\u00e1 &#8211; Entre R\u00edos (343) 4226900 +54 9 343 4062923 ventas@scedigital.com.ar Horario de Atenci\u00f3n Lunes a Viernes: 8 a 12:00hs y 16 a 20hs S\u00e1bados: 08:00 a 12:30hs Seguinos<\/p>\n","protected":false},"author":1,"featured_media":0,"parent":0,"menu_order":0,"comment_status":"closed","ping_status":"closed","template":"","meta":{"footnotes":""},"_links":{"self":[{"href":"https:\/\/scedigital.com.ar\/index.php\/wp-json\/wp\/v2\/pages\/15"}],"collection":[{"href":"https:\/\/scedigital.com.ar\/index.php\/wp-json\/wp\/v2\/pages"}],"about":[{"href":"https:\/\/scedigital.com.ar\/index.php\/wp-json\/wp\/v2\/types\/page"}],"author":[{"embeddable":true,"href":"https:\/\/scedigital.com.ar\/index.php\/wp-json\/wp\/v2\/users\/1"}],"replies":[{"embeddable":true,"href":"https:\/\/scedigital.com.ar\/index.php\/wp-json\/wp\/v2\/comments?post=15"}],"version-history":[{"count":13,"href":"https:\/\/scedigital.com.ar\/index.php\/wp-json\/wp\/v2\/pages\/15\/revisions"}],"predecessor-version":[{"id":8391,"href":"https:\/\/scedigital.com.ar\/index.php\/wp-json\/wp\/v2\/pages\/15\/revisions\/8391"}],"wp:attachment":[{"href":"https:\/\/scedigital.com.ar\/index.php\/wp-json\/wp\/v2\/media?parent=15"}],"curies":[{"name":"wp","href":"https:\/\/api.w.org\/{rel}","templated":true}]}}