{"id":22,"date":"2021-08-24T20:48:08","date_gmt":"2021-08-24T20:48:08","guid":{"rendered":"http:\/\/scedigital.com.ar\/sitio\/?page_id=22"},"modified":"2021-09-01T15:01:18","modified_gmt":"2021-09-01T15:01:18","slug":"empresa","status":"publish","type":"page","link":"https:\/\/scedigital.com.ar\/index.php\/empresa\/","title":{"rendered":"Empresa"},"content":{"rendered":"\n<section class=\"ofertas\">\n<div class=\"container\">\n<div class=\"row\">\n<h2 class=\"titsection text-center\">Sociedad Comercial El\u00e9ctrica S.A.<\/h2>\n<div class=\"col-md-6\">\n<img decoding=\"async\" class=\"img-fluid fotoempresa\" src=\"http:\/\/scedigital.com.ar\/sitio\/wp-content\/uploads\/2021\/08\/empresasce.jpg\">\n<\/div>\n<div class=\"col-md-6\">\n<p class=\"txt-empre\">SOCIEDAD COMERCIAL EL\u00c9CTRICA S.A.\nSoc. Com. Electrica\nFundada en enero de 1993, Sociedad Comercial El\u00e9ctrica es hoy referente en el rubro de la comercializaci\u00f3n de materiales el\u00e9ctricos.<\/p>\n<p class=\"txt-empre\">En sus instalaciones de m\u00e1s de 900 mts.\u00b2 posee un moderno, c\u00f3modo y renovado sal\u00f3n de exposici\u00f3n y ventas, amplios dep\u00f3sitos para un adecuado almacenamiento de la mercader\u00eda y sala de capacitaci\u00f3n.<\/p>\n<p class=\"txt-empre destacado\">Mantiene su liderazgo a trav\u00e9s de la inversi\u00f3n e innovaci\u00f3n permanente, sosteniendo pol\u00edticas de comercializaci\u00f3n y marketing coherentes, fuertes campa\u00f1as publicitarias, y un sistema de gesti\u00f3n de avanzada.<\/p>\n<p class=\"txt-empre\">Ofrece a sus clientes diferentes opciones de financiaci\u00f3n, entrega de mercader\u00eda a domicilio, consultas y compras on line a trav\u00e9s de su p\u00e1gina web, tarjeta de beneficios propia, y distintos servicios para los instaladores electricistas.<\/p>\n<p class=\"txt-empre\">Su amplia clientela abarca industrias de todo tipo y de diferentes rubros, constructoras, el agro y el sector av\u00edcola, instituciones y entes gubernamentales.<\/p>\n<p class=\"txt-empre\">Comercializa una amplia variedad de marcas y mantiene un importante stock de productos, cuidando la calidad y certificaci\u00f3n de los mismos en beneficio y seguridad del cliente.<\/p>\n<\/div>\n<\/div>\n<\/div>\n<\/section>\n\n\n\n<div style=\"height:32px\" aria-hidden=\"true\" class=\"wp-block-spacer\"><\/div>\n\n\n\n<p><\/p>\n","protected":false},"excerpt":{"rendered":"<p>Sociedad Comercial El\u00e9ctrica S.A. SOCIEDAD COMERCIAL EL\u00c9CTRICA S.A. Soc. Com. Electrica Fundada en enero de 1993, Sociedad Comercial El\u00e9ctrica es hoy referente en el rubro de la comercializaci\u00f3n de materiales el\u00e9ctricos. En sus instalaciones de m\u00e1s de 900 mts.\u00b2 posee un moderno, c\u00f3modo y renovado sal\u00f3n de exposici\u00f3n y ventas, amplios dep\u00f3sitos para un adecuado&hellip;<\/p>\n","protected":false},"author":1,"featured_media":0,"parent":0,"menu_order":0,"comment_status":"closed","ping_status":"closed","template":"","meta":{"footnotes":""},"_links":{"self":[{"href":"https:\/\/scedigital.com.ar\/index.php\/wp-json\/wp\/v2\/pages\/22"}],"collection":[{"href":"https:\/\/scedigital.com.ar\/index.php\/wp-json\/wp\/v2\/pages"}],"about":[{"href":"https:\/\/scedigital.com.ar\/index.php\/wp-json\/wp\/v2\/types\/page"}],"author":[{"embeddable":true,"href":"https:\/\/scedigital.com.ar\/index.php\/wp-json\/wp\/v2\/users\/1"}],"replies":[{"embeddable":true,"href":"https:\/\/scedigital.com.ar\/index.php\/wp-json\/wp\/v2\/comments?post=22"}],"version-history":[{"count":6,"href":"https:\/\/scedigital.com.ar\/index.php\/wp-json\/wp\/v2\/pages\/22\/revisions"}],"predecessor-version":[{"id":117,"href":"https:\/\/scedigital.com.ar\/index.php\/wp-json\/wp\/v2\/pages\/22\/revisions\/117"}],"wp:attachment":[{"href":"https:\/\/scedigital.com.ar\/index.php\/wp-json\/wp\/v2\/media?parent=22"}],"curies":[{"name":"wp","href":"https:\/\/api.w.org\/{rel}","templated":true}]}}